{"id":69,"date":"2014-12-09T21:13:50","date_gmt":"2014-12-09T21:13:50","guid":{"rendered":"http:\/\/www.hausaerzte-lindenhof.de\/wp\/?page_id=69"},"modified":"2019-12-07T16:39:58","modified_gmt":"2019-12-07T16:39:58","slug":"versichertenkarte","status":"publish","type":"page","link":"http:\/\/www.hausaerzte-lindenhof.de\/?page_id=69","title":{"rendered":"Versichertenkarte"},"content":{"rendered":"<p>Wir bitten Sie, zu Beginn eines Quartals Ihre Versichertenkarte mitzubringen, um ohne Verz\u00f6gerung die Behandlung beginnen zu k\u00f6nnen. Auch Rezepte oder \u00dcberweisungen k\u00f6nnen ohne die Versichertenkarte nicht ausgestellt werden. Seit dem 01.01.2019 ist nur eine neue Versichertenkarte mit Foto des Versicherten g\u00fcltig.<\/p>\n<p>Sollten sie keine Versichertenkarte haben oder diese nicht vorzeigen wollen oder k\u00f6nnen, so kann jede Leistung auch privat nach GO\u00c4 berechnet werden.<\/p>\n","protected":false},"excerpt":{"rendered":"<p>Wir bitten Sie, zu Beginn eines Quartals Ihre Versichertenkarte mitzubringen, um ohne Verz\u00f6gerung die Behandlung beginnen zu k\u00f6nnen. Auch Rezepte oder \u00dcberweisungen k\u00f6nnen ohne die Versichertenkarte nicht ausgestellt werden. Seit dem 01.01.2019 ist nur eine neue Versichertenkarte mit Foto des Versicherten g\u00fcltig. Sollten sie keine Versichertenkarte haben oder diese nicht vorzeigen wollen oder k\u00f6nnen, so [&hellip;]<\/p>\n","protected":false},"author":3,"featured_media":0,"parent":12,"menu_order":0,"comment_status":"open","ping_status":"open","template":"","meta":{"footnotes":""},"class_list":["post-69","page","type-page","status-publish","hentry"],"_links":{"self":[{"href":"http:\/\/www.hausaerzte-lindenhof.de\/index.php?rest_route=\/wp\/v2\/pages\/69","targetHints":{"allow":["GET"]}}],"collection":[{"href":"http:\/\/www.hausaerzte-lindenhof.de\/index.php?rest_route=\/wp\/v2\/pages"}],"about":[{"href":"http:\/\/www.hausaerzte-lindenhof.de\/index.php?rest_route=\/wp\/v2\/types\/page"}],"author":[{"embeddable":true,"href":"http:\/\/www.hausaerzte-lindenhof.de\/index.php?rest_route=\/wp\/v2\/users\/3"}],"replies":[{"embeddable":true,"href":"http:\/\/www.hausaerzte-lindenhof.de\/index.php?rest_route=%2Fwp%2Fv2%2Fcomments&post=69"}],"version-history":[{"count":8,"href":"http:\/\/www.hausaerzte-lindenhof.de\/index.php?rest_route=\/wp\/v2\/pages\/69\/revisions"}],"predecessor-version":[{"id":469,"href":"http:\/\/www.hausaerzte-lindenhof.de\/index.php?rest_route=\/wp\/v2\/pages\/69\/revisions\/469"}],"up":[{"embeddable":true,"href":"http:\/\/www.hausaerzte-lindenhof.de\/index.php?rest_route=\/wp\/v2\/pages\/12"}],"wp:attachment":[{"href":"http:\/\/www.hausaerzte-lindenhof.de\/index.php?rest_route=%2Fwp%2Fv2%2Fmedia&parent=69"}],"curies":[{"name":"wp","href":"https:\/\/api.w.org\/{rel}","templated":true}]}}