{"id":66,"date":"2014-12-09T21:13:24","date_gmt":"2014-12-09T21:13:24","guid":{"rendered":"http:\/\/www.hausaerzte-lindenhof.de\/wp\/?page_id=66"},"modified":"2026-03-18T09:40:14","modified_gmt":"2026-03-18T09:40:14","slug":"termine","status":"publish","type":"page","link":"http:\/\/www.hausaerzte-lindenhof.de\/?page_id=66","title":{"rendered":"Termine und Erreichbarkeit"},"content":{"rendered":"<p>Als Bestellpraxis m\u00f6chten wir f\u00fcr Sie m\u00f6glichst kurze Wartezeiten, die jedoch nicht immer einzuhalten sind, wenn z.B.<\/p>\n<ul>\n<li>es einen Notfall in der Praxis oder au\u00dferhalb der Praxis gibt, so da\u00df der Arzt auch w\u00e4hrend der Sprechstunde die Praxis verlassen mu\u00df, oder wenn<\/li>\n<li>auf Grund eines schweren Krankheitsbild zus\u00e4tzliche Untersuchungen notwendig werden.<\/li>\n<\/ul>\n<p>Wir wissen, da\u00df Sie als Patienten daf\u00fcr Verst\u00e4ndnis haben.<br \/>\nAnregungen und Verbesserungsvorschl\u00e4ge sind jederzeit willkommen!<\/p>\n<p>&nbsp;<\/p>\n<p>&nbsp;<\/p>\n<p>&nbsp;<\/p>\n<h2>Telefonieren<\/h2>\n<p>Unsere Telefonnummer hat insgesamt 3 Leitungen, die jedoch auch besetzt sein k\u00f6nnen. Wenn dies der Fall ist, werden Sie sich in einer Warteschlange befinden, so da\u00df sie als n\u00e4chster Kontakt zu uns kommen.<\/p>\n<p>Wichtig ist, da\u00df sie vorab Termine telefonisch ausmachen (Ausnahme: dringende Notf\u00e4lle mit starken Schmerzen und schlechtem Befinden) oder \u00fcber unser Terminbuchungssystem.#<br \/>\nNeupatienten bitten wir darum, den Ersttermin immer telefonisch bei uns zu vereinbaren.<\/p>\n<p>Informationen zu Befunden (Labor, EKG etc.) erhalten Sie am besten zwischen 11.00 und 12.00 Uhr t\u00e4glich.<br \/>\nFalls es nicht klappt, rufen wir gerne zur\u00fcck.<\/p>\n<p>&nbsp;<\/p>\n<h2>Wie erreichen Sie uns?<\/h2>\n<h2>Unsere Telefonnummer lautet 0621 &#8211; 82 34 50<\/h2>\n<p>Nach Sprechstundenende findet keine automatische Rufumleitung statt. Somit erreichen Sie nur ein Band, auf dem die Notfallnummern angesagt werden .<\/p>\n<p><strong>Unsere Faxnummer lautet\u00a00621 &#8211; 63742229.\u00a0<\/strong><\/p>\n<p>Rezeptw\u00fcnsche oder Bestellung von \u00dcberweisungen k\u00f6nnen jederzeit auf der Hotline hinterlassen werden. Diese k\u00f6nnen am <strong>n\u00e4chsten Tag<\/strong> abgeholt werden.<\/p>\n<p><strong>Telefonnummer Hotline 0621 &#8211; 81 86 45<\/strong><\/p>\n<p><strong>Unsere Mailadresse lautet info@hausaerzte-lindenhof.de<\/strong><\/p>\n<h2>Allgemeine \u00d6ffnungszeiten:<\/h2>\n<table id=\"table_40\" style=\"height: 168px;\" border=\"1\" summary=\"Oeffnungszeiten\" width=\"480\" cellspacing=\"5\" cellpadding=\"0\">\n<tbody>\n<tr class=\"row_0 row_first even\">\n<td class=\"col_0 col_first\" width=\"120\">Montag<\/td>\n<td class=\"col_1\" width=\"130\">07.30 &#8211; 12.00 Uhr<\/td>\n<td class=\"col_2 col_last\" width=\"130\">15.00 &#8211; 18.00 Uhr<\/td>\n<\/tr>\n<tr class=\"row_1 odd\">\n<td class=\"col_0 col_first\">Dienstag<\/td>\n<td class=\"col_1\">07.30 &#8211; 13.00 Uhr<\/td>\n<td class=\"col_2 col_last\">15.00 &#8211; 18.00 Uhr<\/td>\n<\/tr>\n<tr class=\"row_2 even\">\n<td class=\"col_0 col_first\">Mittwoch<\/td>\n<td class=\"col_1\">07.30 &#8211; 16.30 Uhr<\/td>\n<td class=\"col_2 col_last\"><\/td>\n<\/tr>\n<tr class=\"row_3 odd\">\n<td class=\"col_0 col_first\">Donnerstag<\/td>\n<td class=\"col_1\">07:30 &#8211; 13.00 Uhr<\/td>\n<td class=\"col_2 col_last\">15.00 &#8211; 18.30 Uhr<\/td>\n<\/tr>\n<tr class=\"row_4 row_last even\">\n<td class=\"col_0 col_first\">Freitag<\/td>\n<td class=\"col_1\">07.30 &#8211; 13.00 Uhr<\/td>\n<td class=\"col_2 col_last\">14.00 &#8211; 16.00 Uhr<\/td>\n<\/tr>\n<\/tbody>\n<\/table>\n<p>*Unsere Praxis ist Freitags bis 16 Uhr ge\u00f6ffnet.<\/p>\n<p>&nbsp;<\/p>\n<h2>In dringenden F\u00e4llen<\/h2>\n<p>ist an Wochenenden (beginnend freitags um 19.00 Uhr), sowie mittwochs ab 17.00 Uhr (Sprechstundenende) und montags, dienstags und donnerstags ab 20.00 Uhr der \u00c4rztliche Bereitschaftsdienst in der Cheliusstr. 6 unter der <strong>Telefonnummer<\/strong>\u00a0<strong>0621 &#8211; 116 117 <\/strong>zu erreichen. Die Bereitschaft endet jeweils am n\u00e4chsten Morgen um 7 Uhr.<\/p>\n<p>&nbsp;<\/p>\n<p><strong>Bei lebensbedrohlichen Erkrankungen\u00a0<\/strong>rufen Sie bitte umgehend die Rettungsleitstelle an.<\/p>\n<p>Telefonnummer:\u00a0<strong>0621<\/strong> &#8211; <strong>19 222<\/strong><\/p>\n","protected":false},"excerpt":{"rendered":"<p>Als Bestellpraxis m\u00f6chten wir f\u00fcr Sie m\u00f6glichst kurze Wartezeiten, die jedoch nicht immer einzuhalten sind, wenn z.B. es einen Notfall in der Praxis oder au\u00dferhalb der Praxis gibt, so da\u00df der Arzt auch w\u00e4hrend der Sprechstunde die Praxis verlassen mu\u00df, oder wenn auf Grund eines schweren Krankheitsbild zus\u00e4tzliche Untersuchungen notwendig werden. Wir wissen, da\u00df Sie [&hellip;]<\/p>\n","protected":false},"author":3,"featured_media":0,"parent":12,"menu_order":0,"comment_status":"open","ping_status":"open","template":"","meta":{"footnotes":""},"class_list":["post-66","page","type-page","status-publish","hentry"],"_links":{"self":[{"href":"http:\/\/www.hausaerzte-lindenhof.de\/index.php?rest_route=\/wp\/v2\/pages\/66","targetHints":{"allow":["GET"]}}],"collection":[{"href":"http:\/\/www.hausaerzte-lindenhof.de\/index.php?rest_route=\/wp\/v2\/pages"}],"about":[{"href":"http:\/\/www.hausaerzte-lindenhof.de\/index.php?rest_route=\/wp\/v2\/types\/page"}],"author":[{"embeddable":true,"href":"http:\/\/www.hausaerzte-lindenhof.de\/index.php?rest_route=\/wp\/v2\/users\/3"}],"replies":[{"embeddable":true,"href":"http:\/\/www.hausaerzte-lindenhof.de\/index.php?rest_route=%2Fwp%2Fv2%2Fcomments&post=66"}],"version-history":[{"count":43,"href":"http:\/\/www.hausaerzte-lindenhof.de\/index.php?rest_route=\/wp\/v2\/pages\/66\/revisions"}],"predecessor-version":[{"id":613,"href":"http:\/\/www.hausaerzte-lindenhof.de\/index.php?rest_route=\/wp\/v2\/pages\/66\/revisions\/613"}],"up":[{"embeddable":true,"href":"http:\/\/www.hausaerzte-lindenhof.de\/index.php?rest_route=\/wp\/v2\/pages\/12"}],"wp:attachment":[{"href":"http:\/\/www.hausaerzte-lindenhof.de\/index.php?rest_route=%2Fwp%2Fv2%2Fmedia&parent=66"}],"curies":[{"name":"wp","href":"https:\/\/api.w.org\/{rel}","templated":true}]}}