{"id":64,"date":"2014-12-09T21:05:25","date_gmt":"2014-12-09T21:05:25","guid":{"rendered":"http:\/\/www.hausaerzte-lindenhof.de\/wp\/?page_id=64"},"modified":"2024-07-10T07:23:58","modified_gmt":"2024-07-10T07:23:58","slug":"impressum","status":"publish","type":"page","link":"http:\/\/www.hausaerzte-lindenhof.de\/?page_id=64","title":{"rendered":"Impressum und Datenschutz"},"content":{"rendered":"<h1>Angaben nach Teledienstgesetzt (TDG) \u00a7 6:<\/h1>\n<p>Haus\u00e4rzte im Lindenhof<\/p>\n<p>Dr. med. Dirk Lehmann &#8211; Arzt f\u00fcr Innere Medizin<\/p>\n<p>Dr.med Daniela Bernauer &#8211; Fach\u00e4rztin f\u00fcr Allgemeinmedizin<\/p>\n<p>Rainer Bolkart- Facharzt f\u00fcr Allgemeinmedizin und Innere Medizin- Sportmedizin<\/p>\n<p>Schwarzwaldstrasse 1<br \/>\nD-68163 Mannheim<\/p>\n<p>E-Mail:<\/p>\n<p><a href=\"mailto:info@hausaerzte-lindenhof.de\">info@hausaerzte-lindenhof.de<\/a><\/p>\n<p>\u00c4rztliche Leitung: Berufsaus\u00fcbungsgemeinschaft Bernauer-Bolkart-Lehmann<\/p>\n<p>Mitglied der \u00c4rztekammer Baden-W\u00fcrttemberg<\/p>\n<p>Mitglied der KV Baden W\u00fcrttemberg &#8211; Bezirksstelle Nordbaden<\/p>\n<p>gesetzliche Berufsbezeichnung: Arzt<\/p>\n<p>berufsrechtliche Regelungen: Berufsordnung f\u00fcr \u00c4rzte<\/p>\n<p>Haftungshinweis:<br \/>\nF\u00fcr die Inhalte der Links \u00fcbernehmen wir keine Haftung.<\/p>\n<p><strong><big>Datenschutzerkl\u00e4rung<\/big><\/strong><\/p>\n<p><strong>Allgemeiner Hinweis und Pflichtinformationen<\/strong><\/p>\n<p><strong>Benennung der verantwortlichen Stelle<\/strong><\/p>\n<p>Die verantwortliche Stelle f\u00fcr die Datenverarbeitung auf dieser Website ist:<\/p>\n<p><span id=\"s3-t-firma\">Haus\u00e4rzte im Lindenhof<\/span><br \/>\n<span id=\"s3-t-ansprechpartner\">Lehmann, Bernauer und R. Bolkart<\/span><br \/>\n<span id=\"s3-t-strasse\">Schwarzwaldstrasse 1<\/span><br \/>\n<span id=\"s3-t-plz\">68163<\/span> <span id=\"s3-t-ort\">Mannheim<\/span><\/p>\n<p>Die verantwortliche Stelle entscheidet allein oder gemeinsam mit anderen \u00fcber die Zwecke und Mittel der Verarbeitung von personenbezogenen Daten (z.B. Namen, Kontaktdaten o. \u00c4.).<\/p>\n<p><strong>Widerruf Ihrer Einwilligung zur Datenverarbeitung<\/strong><\/p>\n<p>Nur mit Ihrer ausdr\u00fccklichen Einwilligung sind einige Vorg\u00e4nge der Datenverarbeitung m\u00f6glich. Ein Widerruf Ihrer bereits erteilten Einwilligung ist jederzeit m\u00f6glich. F\u00fcr den Widerruf gen\u00fcgt eine formlose Mitteilung per E-Mail. Die Rechtm\u00e4\u00dfigkeit der bis zum Widerruf erfolgten Datenverarbeitung bleibt vom Widerruf unber\u00fchrt.<\/p>\n<p><strong>Recht auf Beschwerde bei der zust\u00e4ndigen Aufsichtsbeh\u00f6rde<\/strong><\/p>\n<p>Als Betroffener steht Ihnen im Falle eines datenschutzrechtlichen Versto\u00dfes ein Beschwerderecht bei der zust\u00e4ndigen Aufsichtsbeh\u00f6rde zu. Zust\u00e4ndige Aufsichtsbeh\u00f6rde bez\u00fcglich datenschutzrechtlicher Fragen ist der Landesdatenschutzbeauftragte des Bundeslandes, in dem sich der Sitz unseres Unternehmens befindet. Der folgende Link stellt eine Liste der Datenschutzbeauftragten sowie deren Kontaktdaten bereit: <a href=\"https:\/\/www.bfdi.bund.de\/DE\/Infothek\/Anschriften_Links\/anschriften_links-node.html\" target=\"_blank\" rel=\"noopener noreferrer\">https:\/\/www.bfdi.bund.de\/DE\/Infothek\/Anschriften_Links\/anschriften_links-node.html<\/a>.<\/p>\n<p><strong>Recht auf Daten\u00fcbertragbarkeit<\/strong><\/p>\n<p>Ihnen steht das Recht zu, Daten, die wir auf Grundlage Ihrer Einwilligung oder in Erf\u00fcllung eines Vertrags automatisiert verarbeiten, an sich oder an Dritte aush\u00e4ndigen zu lassen. Die Bereitstellung erfolgt in einem maschinenlesbaren Format. Sofern Sie die direkte \u00dcbertragung der Daten an einen anderen Verantwortlichen verlangen, erfolgt dies nur, soweit es technisch machbar ist.<\/p>\n<p><strong>Recht auf Auskunft, Berichtigung, Sperrung, L\u00f6schung<\/strong><\/p>\n<p>Sie haben jederzeit im Rahmen der geltenden gesetzlichen Bestimmungen das Recht auf unentgeltliche Auskunft \u00fcber Ihre gespeicherten personenbezogenen Daten, Herkunft der Daten, deren Empf\u00e4nger und den Zweck der Datenverarbeitung und ggf. ein Recht auf Berichtigung, Sperrung oder L\u00f6schung dieser Daten. Diesbez\u00fcglich und auch zu weiteren Fragen zum Thema personenbezogene Daten k\u00f6nnen Sie sich jederzeit \u00fcber die im Impressum aufgef\u00fchrten Kontaktm\u00f6glichkeiten an uns wenden.<\/p>\n<p><strong>Datenschutzbeauftragter<\/strong><\/p>\n<p>Wir haben einen Datenschutzbeauftragten bestellt.<\/p>\n<p><span id=\"s3-t-firma\">Haus\u00e4rzte im Lindenhof<\/span><br \/>\n<span id=\"s3-t-ansprechpartner\">Datenschutzbeauftragter<\/span><br \/>\n<span id=\"s3-t-strasse\">Schwarzwaldstrasse 1<\/span><br \/>\n<span id=\"s3-t-plz\">68163<\/span> <span id=\"s3-t-ort\">Mannheim<\/span><\/p>\n<p>Telefon: +49 621 823450<\/p>\n<p>E-Mail: info(at)hausaerzte-lindenhof.de Betreff: an den Datenschutzbeauftragten<\/p>\n<p><strong>Server-Log-Dateien<\/strong><\/p>\n<p>In Server-Log-Dateien erhebt und speichert der Provider der Website automatisch Informationen, die Ihr Browser automatisch an uns \u00fcbermittelt. Dies sind:<\/p>\n<ul>\n<li>Browsertyp und Browserversion<\/li>\n<li>Verwendetes Betriebssystem<\/li>\n<li>Referrer URL<\/li>\n<li>Hostname des zugreifenden Rechners<\/li>\n<li>Uhrzeit der Serveranfrage<\/li>\n<li>IP-Adresse<\/li>\n<\/ul>\n<p>Es findet keine Zusammenf\u00fchrung dieser Daten mit anderen Datenquellen statt. Grundlage der Datenverarbeitung bildet Art. 6 Abs. 1 lit. b DSGVO, der die Verarbeitung von Daten zur Erf\u00fcllung eines Vertrags oder vorvertraglicher Ma\u00dfnahmen gestattet.<\/p>\n<p><strong>Kontaktformular<\/strong><\/p>\n<p>Per Kontaktformular \u00fcbermittelte Daten werden einschlie\u00dflich Ihrer Kontaktdaten gespeichert, um Ihre Anfrage bearbeiten zu k\u00f6nnen oder um f\u00fcr Anschlussfragen bereitzustehen. Eine Weitergabe dieser Daten findet ohne Ihre Einwilligung nicht statt.<\/p>\n<p>Die Verarbeitung der in das Kontaktformular eingegebenen Daten erfolgt ausschlie\u00dflich auf Grundlage Ihrer Einwilligung (Art. 6 Abs. 1 lit. a DSGVO). Ein Widerruf Ihrer bereits erteilten Einwilligung ist jederzeit m\u00f6glich. F\u00fcr den Widerruf gen\u00fcgt eine formlose Mitteilung per E-Mail. Die Rechtm\u00e4\u00dfigkeit der bis zum Widerruf erfolgten Datenverarbeitungsvorg\u00e4nge bleibt vom Widerruf unber\u00fchrt.<\/p>\n<p>\u00dcber das Kontaktformular \u00fcbermittelte Daten verbleiben bei uns, bis Sie uns zur L\u00f6schung auffordern, Ihre Einwilligung zur Speicherung widerrufen oder keine Notwendigkeit der Datenspeicherung mehr besteht. Zwingende gesetzliche Bestimmungen &#8211; insbesondere Aufbewahrungsfristen &#8211; bleiben unber\u00fchrt.<\/p>\n","protected":false},"excerpt":{"rendered":"<p>Angaben nach Teledienstgesetzt (TDG) \u00a7 6: Haus\u00e4rzte im Lindenhof Dr. med. Dirk Lehmann &#8211; Arzt f\u00fcr Innere Medizin Dr.med Daniela Bernauer &#8211; Fach\u00e4rztin f\u00fcr Allgemeinmedizin Rainer Bolkart- Facharzt f\u00fcr Allgemeinmedizin und Innere Medizin- Sportmedizin Schwarzwaldstrasse 1 D-68163 Mannheim E-Mail: info@hausaerzte-lindenhof.de \u00c4rztliche Leitung: Berufsaus\u00fcbungsgemeinschaft Bernauer-Bolkart-Lehmann Mitglied der \u00c4rztekammer Baden-W\u00fcrttemberg Mitglied der KV Baden W\u00fcrttemberg &#8211; Bezirksstelle [&hellip;]<\/p>\n","protected":false},"author":2,"featured_media":0,"parent":0,"menu_order":0,"comment_status":"open","ping_status":"open","template":"","meta":{"footnotes":""},"class_list":["post-64","page","type-page","status-publish","hentry"],"_links":{"self":[{"href":"http:\/\/www.hausaerzte-lindenhof.de\/index.php?rest_route=\/wp\/v2\/pages\/64","targetHints":{"allow":["GET"]}}],"collection":[{"href":"http:\/\/www.hausaerzte-lindenhof.de\/index.php?rest_route=\/wp\/v2\/pages"}],"about":[{"href":"http:\/\/www.hausaerzte-lindenhof.de\/index.php?rest_route=\/wp\/v2\/types\/page"}],"author":[{"embeddable":true,"href":"http:\/\/www.hausaerzte-lindenhof.de\/index.php?rest_route=\/wp\/v2\/users\/2"}],"replies":[{"embeddable":true,"href":"http:\/\/www.hausaerzte-lindenhof.de\/index.php?rest_route=%2Fwp%2Fv2%2Fcomments&post=64"}],"version-history":[{"count":16,"href":"http:\/\/www.hausaerzte-lindenhof.de\/index.php?rest_route=\/wp\/v2\/pages\/64\/revisions"}],"predecessor-version":[{"id":594,"href":"http:\/\/www.hausaerzte-lindenhof.de\/index.php?rest_route=\/wp\/v2\/pages\/64\/revisions\/594"}],"wp:attachment":[{"href":"http:\/\/www.hausaerzte-lindenhof.de\/index.php?rest_route=%2Fwp%2Fv2%2Fmedia&parent=64"}],"curies":[{"name":"wp","href":"https:\/\/api.w.org\/{rel}","templated":true}]}}