{"id":10,"date":"2019-12-05T14:10:47","date_gmt":"2019-12-05T14:10:47","guid":{"rendered":"http:\/\/www.hausaerzte-lindenhof.de\/wp\/?page_id=10"},"modified":"2026-03-16T11:47:41","modified_gmt":"2026-03-16T11:47:41","slug":"das-team","status":"publish","type":"page","link":"http:\/\/www.hausaerzte-lindenhof.de\/?page_id=10","title":{"rendered":"Das Team"},"content":{"rendered":"\r\n<p>&nbsp;<\/p>\r\n\r\n<h1>\u00c4rzte und Mitarbeiter<\/h1>\r\n<p>Wir wollen den Patienten sowohl bei k\u00f6rperlichen als auch bei seelischen Erkrankungen behandeln, sozusagen als ein Ganzes sehen und nicht zuletzt die sozialen Zusammenh\u00e4nge (Arbeit, Familie und Freizeit) ber\u00fccksichtigen. Neben unseren schulmedizinischen Qualifikationen sind wir offen f\u00fcr komplement\u00e4rmedizinische Verfahren wie Akupunktur, Hom\u00f6opathie, Naturheilverfahren u.\u00e4.<\/p>\r\n<hr \/>\r\n\n<div class=\"span2 left\"><a href=\"http:\/\/www.hausaerzte-lindenhof.de\/wp-content\/uploads\/2020\/03\/08_DSC_5950-2-768x768-1.jpg\"><img loading=\"lazy\" decoding=\"async\" class=\"alignnone wp-image-491 size-medium\" src=\"http:\/\/www.hausaerzte-lindenhof.de\/wp-content\/uploads\/2020\/03\/08_DSC_5950-2-768x768-1-300x300.jpg\" alt=\"\" width=\"300\" height=\"300\" srcset=\"http:\/\/www.hausaerzte-lindenhof.de\/wp-content\/uploads\/2020\/03\/08_DSC_5950-2-768x768-1-300x300.jpg 300w, http:\/\/www.hausaerzte-lindenhof.de\/wp-content\/uploads\/2020\/03\/08_DSC_5950-2-768x768-1-150x150.jpg 150w, http:\/\/www.hausaerzte-lindenhof.de\/wp-content\/uploads\/2020\/03\/08_DSC_5950-2-768x768-1.jpg 768w\" sizes=\"auto, (max-width: 300px) 100vw, 300px\" \/><\/a><br \/><\/div>\r\n\n<div class=\"span5 right\"><strong>Doris Guttenbacher<\/strong><br \/>Fach\u00e4rztin f\u00fcr Innere Medizin<\/p>\r\n<p><strong>Zusatzqualifikationen:<\/strong><\/p>\r\n<ul>\r\n<li>Allgemeinmedizin\u00a0 <\/li>\r\n<li>Psychotherapie (in Weiterbildung)<\/li>\r\n<\/ul>\r\n<p><\/div><div class=\"clearfix\"><\/div>\r\n<p>&nbsp;<\/p>\r\n<hr \/>\r\n\n<div class=\"span2 left\"><a href=\"http:\/\/www.hausaerzte-lindenhof.de\/wp-content\/uploads\/2020\/03\/07DSC_0269-768x768-1.jpg\"><img loading=\"lazy\" decoding=\"async\" class=\"alignnone wp-image-490 size-medium\" src=\"http:\/\/www.hausaerzte-lindenhof.de\/wp-content\/uploads\/2020\/03\/07DSC_0269-768x768-1-300x300.jpg\" alt=\"\" width=\"300\" height=\"300\" srcset=\"http:\/\/www.hausaerzte-lindenhof.de\/wp-content\/uploads\/2020\/03\/07DSC_0269-768x768-1-300x300.jpg 300w, http:\/\/www.hausaerzte-lindenhof.de\/wp-content\/uploads\/2020\/03\/07DSC_0269-768x768-1-150x150.jpg 150w, http:\/\/www.hausaerzte-lindenhof.de\/wp-content\/uploads\/2020\/03\/07DSC_0269-768x768-1.jpg 768w\" sizes=\"auto, (max-width: 300px) 100vw, 300px\" \/><\/a><br \/><\/div>\r\n\n<div class=\"span5 right\"><strong>Dr. Daniela Bernauer<\/strong><br \/>Fach\u00e4rztin f\u00fcr Allgemeinmedizin<\/p>\r\n<p><strong>Zusatzqualifikationen:<\/strong><\/p>\r\n<ul>\r\n<li>Akupunktur<\/li>\r\n<li>Chiropraxis<\/li>\r\n<li>Reisemedizin<\/li>\r\n<\/ul>\r\n<p><\/div><div class=\"clearfix\"><\/div>\r\n<hr \/>\r\n\n<div class=\"span2 left\"><a href=\"http:\/\/www.hausaerzte-lindenhof.de\/wp-content\/uploads\/2020\/03\/08DSC_0275-768x768-1.jpg\"><img loading=\"lazy\" decoding=\"async\" class=\"alignnone wp-image-492 size-medium\" src=\"http:\/\/www.hausaerzte-lindenhof.de\/wp-content\/uploads\/2020\/03\/08DSC_0275-768x768-1-300x300.jpg\" alt=\"\" width=\"300\" height=\"300\" srcset=\"http:\/\/www.hausaerzte-lindenhof.de\/wp-content\/uploads\/2020\/03\/08DSC_0275-768x768-1-300x300.jpg 300w, http:\/\/www.hausaerzte-lindenhof.de\/wp-content\/uploads\/2020\/03\/08DSC_0275-768x768-1-150x150.jpg 150w, http:\/\/www.hausaerzte-lindenhof.de\/wp-content\/uploads\/2020\/03\/08DSC_0275-768x768-1.jpg 768w\" sizes=\"auto, (max-width: 300px) 100vw, 300px\" \/><\/a><br \/><\/div>\r\n<p>\n<div class=\"span5 right\"><strong>Rainer Bolkart<\/strong><br \/>Facharzt f\u00fcr Innere Medizin<br \/>Facharzt f\u00fcr Allgemeinmedizin<\/p>\r\n<p><strong>Zusatzqualifikationen:<\/strong><\/p>\r\n<ul>\r\n<li>Sportmedizin<\/li>\r\n<li>Reisemedizin<\/li>\r\n<li>Notfallmedizin<\/div><div class=\"clearfix\"><\/div><\/li>\r\n<\/ul>\r\n<hr \/>\r\n\n<div class=\"span2 left\"><a href=\"http:\/\/www.hausaerzte-lindenhof.de\/wp-content\/uploads\/2020\/03\/11DSC_0287-768x768-1.jpg\"><img loading=\"lazy\" decoding=\"async\" class=\"alignnone wp-image-493 size-medium\" src=\"http:\/\/www.hausaerzte-lindenhof.de\/wp-content\/uploads\/2020\/03\/11DSC_0287-768x768-1-300x300.jpg\" alt=\"\" width=\"300\" height=\"300\" srcset=\"http:\/\/www.hausaerzte-lindenhof.de\/wp-content\/uploads\/2020\/03\/11DSC_0287-768x768-1-300x300.jpg 300w, http:\/\/www.hausaerzte-lindenhof.de\/wp-content\/uploads\/2020\/03\/11DSC_0287-768x768-1-150x150.jpg 150w, http:\/\/www.hausaerzte-lindenhof.de\/wp-content\/uploads\/2020\/03\/11DSC_0287-768x768-1.jpg 768w\" sizes=\"auto, (max-width: 300px) 100vw, 300px\" \/><\/a><br \/><\/div>\r\n\n<div class=\"span5 right\"><strong>Dr. Dirk Lehmann<\/strong><br \/>Facharzt f\u00fcr Innere Medizin<\/p>\r\n<p><strong>Zusatzqualifikationen:<\/strong><\/p>\r\n<ul>\r\n<li>Diabetologie<\/li>\r\n<li>Naturheilkunde<\/li>\r\n<li>Palliativmedizin<\/li>\r\n<li>Suchtmedizin<\/li>\r\n<li>Akupunktur<\/li>\r\n<li>Hom\u00f6opathie<\/li>\r\n<li>Psychotherapie <\/li>\r\n<\/ul>\r\n<p><\/div><div class=\"clearfix\"><\/div>\r\n<hr \/>\r\n<p><a href=\"http:\/\/www.hausaerzte-lindenhof.de\/wp-content\/uploads\/2020\/03\/03DSC_0259-1-scaled.jpg\"><img loading=\"lazy\" decoding=\"async\" class=\"alignnone wp-image-496 size-large\" src=\"http:\/\/www.hausaerzte-lindenhof.de\/wp-content\/uploads\/2020\/03\/03DSC_0259-1-1024x680.jpg\" alt=\"\" width=\"1024\" height=\"680\" srcset=\"http:\/\/www.hausaerzte-lindenhof.de\/wp-content\/uploads\/2020\/03\/03DSC_0259-1-1024x680.jpg 1024w, http:\/\/www.hausaerzte-lindenhof.de\/wp-content\/uploads\/2020\/03\/03DSC_0259-1-300x199.jpg 300w, http:\/\/www.hausaerzte-lindenhof.de\/wp-content\/uploads\/2020\/03\/03DSC_0259-1-768x510.jpg 768w, http:\/\/www.hausaerzte-lindenhof.de\/wp-content\/uploads\/2020\/03\/03DSC_0259-1-1536x1020.jpg 1536w, http:\/\/www.hausaerzte-lindenhof.de\/wp-content\/uploads\/2020\/03\/03DSC_0259-1-2048x1360.jpg 2048w\" sizes=\"auto, (max-width: 1024px) 100vw, 1024px\" \/><\/a><\/p>\r\n<hr \/>\r\n<p><strong>sonstige Taetigkeitsschwerpunkte der Praxis:<\/strong><\/p>\r\n<ul>\r\n<li>Akupunktur<\/li>\r\n<li>Gelbfieberimpfstelle, Reisemedizin<\/li>\r\n<li>Ultraschall Abdomen, Schilddr\u00fcse<\/li>\r\n<li>Hausarztmodell<\/li>\r\n<li>DMP (Disease Management Programm) f\u00fcr<\/li>\r\n<li>Diabetes, koronare Herzkrankheit, Asthma und COPD<\/li>\r\n<li>Kardiologische Basisdiagnostik: EKG , Langzeit-EKG, Langzeit-Blutdruckmessung,\u00a0 Belastungs-EKG<\/li>\r\n<li>Lungenfunktion<\/li>\r\n<li>Hausbesuche bei Patienten, die nicht in die Praxis kommen k\u00f6nnen<\/li>\r\n<li>Pflegeheime:\u00a0 regelm\u00e4\u00dfige Besuche in\u00a0 den Pflegeheimen der Umgebung<\/li>\r\n<\/ul>\r\n<hr \/>\r\n<h1>Praxisteam<\/h1>\r\n<p><strong>Mitarbeiter (in der Reihenfolge ihres Eintritts in die Praxis):<\/strong><\/p>\r\n<ul>\r\n<li>Bettina Sch\u00e4fer (B\u00fcrokauffrau)<\/li>\r\n<li>Eliane Ritter (Fachangestellte f\u00fcr \u00e4rztliche Praxen)<\/li>\r\n<li>Petra Ritter (Fachangestellte f\u00fcr \u00e4rztliche Praxen)<\/li>\r\n<li>Daniela Ardelean (Fachangestellte f\u00fcr \u00e4rztliche Praxen,Bachelor of Arts)<\/li>\r\n<li>Milica Markovic ( Fachangestellte f\u00fcr \u00e4rztliche Praxen )<\/li>\r\n<li>Cynthia Krauss (Fachangestellte f\u00fcr \u00e4rztliche Praxen)<\/li>\r\n<li>Loredana Gansera (Fachangestellte f\u00fcr \u00e4rztliche Praxen)<\/li>\r\n<li>Sema \u00d6zcan (Fachangestellte f\u00fcr \u00e4rztliche Praxen)<\/li>\r\n<li>Elsa Aziri (Auszubildende)<\/li>\r\n<li>Iremnur Kocak (Auszubildende)<\/li>\r\n<li>Michelle Mormone (Fachangestellte f\u00fcr \u00e4rztliche Praxen)<\/li>\r\n<\/ul>","protected":false},"excerpt":{"rendered":"<p>&nbsp; \u00c4rzte und Mitarbeiter Wir wollen den Patienten sowohl bei k\u00f6rperlichen als auch bei seelischen Erkrankungen behandeln, sozusagen als ein Ganzes sehen und nicht zuletzt die sozialen Zusammenh\u00e4nge (Arbeit, Familie und Freizeit) ber\u00fccksichtigen. Neben unseren schulmedizinischen Qualifikationen sind wir offen f\u00fcr komplement\u00e4rmedizinische Verfahren wie Akupunktur, Hom\u00f6opathie, Naturheilverfahren u.\u00e4. &nbsp; sonstige Taetigkeitsschwerpunkte der Praxis: Akupunktur Gelbfieberimpfstelle, [&hellip;]<\/p>\n","protected":false},"author":4,"featured_media":0,"parent":0,"menu_order":2,"comment_status":"open","ping_status":"open","template":"","meta":{"footnotes":""},"class_list":["post-10","page","type-page","status-publish","hentry"],"_links":{"self":[{"href":"http:\/\/www.hausaerzte-lindenhof.de\/index.php?rest_route=\/wp\/v2\/pages\/10","targetHints":{"allow":["GET"]}}],"collection":[{"href":"http:\/\/www.hausaerzte-lindenhof.de\/index.php?rest_route=\/wp\/v2\/pages"}],"about":[{"href":"http:\/\/www.hausaerzte-lindenhof.de\/index.php?rest_route=\/wp\/v2\/types\/page"}],"author":[{"embeddable":true,"href":"http:\/\/www.hausaerzte-lindenhof.de\/index.php?rest_route=\/wp\/v2\/users\/4"}],"replies":[{"embeddable":true,"href":"http:\/\/www.hausaerzte-lindenhof.de\/index.php?rest_route=%2Fwp%2Fv2%2Fcomments&post=10"}],"version-history":[{"count":82,"href":"http:\/\/www.hausaerzte-lindenhof.de\/index.php?rest_route=\/wp\/v2\/pages\/10\/revisions"}],"predecessor-version":[{"id":610,"href":"http:\/\/www.hausaerzte-lindenhof.de\/index.php?rest_route=\/wp\/v2\/pages\/10\/revisions\/610"}],"wp:attachment":[{"href":"http:\/\/www.hausaerzte-lindenhof.de\/index.php?rest_route=%2Fwp%2Fv2%2Fmedia&parent=10"}],"curies":[{"name":"wp","href":"https:\/\/api.w.org\/{rel}","templated":true}]}}